{"id":331,"date":"2019-03-27T19:45:13","date_gmt":"2019-03-27T18:45:13","guid":{"rendered":"https:\/\/www.pescanova.com\/?page_id=331"},"modified":"2020-07-03T14:39:40","modified_gmt":"2020-07-03T12:39:40","slug":"hechos-relevantes","status":"publish","type":"page","link":"https:\/\/www.pescanova.com\/index.php\/hechos-relevantes\/","title":{"rendered":"Otra Informaci\u00f3n Relevante"},"content":{"rendered":"\n<p>La\u00a0<strong>informaci\u00f3n p\u00fablica peri\u00f3dica, otra informaci\u00f3n relevante (OIR) <\/strong>y<strong>\u00a0otras comunicaciones,\u00a0<\/strong>de\u00a0Pescanova\u00a0se publica y est\u00e1 actualizada en la web en la web de la\u00a0<strong>CNMV<\/strong> (Comisi\u00f3n Nacional del Mercado de Valores). Cons\u00faltela a trav\u00e9s de los siguientes enlaces (*)<\/p>\n\n\n\n<div class=\"wp-block-columns has-2-columns is-layout-flex wp-container-core-columns-is-layout-28f84493 wp-block-columns-is-layout-flex\">\n<div class=\"wp-block-column is-layout-flow wp-block-column-is-layout-flow\">\n<p><\/p>\n<\/div>\n\n\n\n<div class=\"wp-block-column is-layout-flow wp-block-column-is-layout-flow\"><\/div>\n<\/div>\n\n\n\n<div class=\"wp-block-image\"><figure class=\"aligncenter\"><img loading=\"lazy\" decoding=\"async\" width=\"218\" height=\"99\" src=\"https:\/\/www.pescanova.com\/wp-content\/uploads\/2019\/03\/cnmv_b.jpg\" alt=\"\" class=\"wp-image-174\"\/><figcaption><a href=\"https:\/\/www.cnmv.es\/portal\/Otra-Informacion-Relevante\/Resultado-OIR.aspx?nif=A-36603587\" target=\"_blank\" rel=\"noreferrer noopener\">Otra informaci\u00f3n relevante<\/a><\/figcaption><\/figure><\/div>\n","protected":false},"excerpt":{"rendered":"<p>La\u00a0informaci\u00f3n p\u00fablica peri\u00f3dica, otra informaci\u00f3n relevante (OIR) y\u00a0otras comunicaciones,\u00a0de\u00a0Pescanova\u00a0se publica y est\u00e1 actualizada en la web en la web de la\u00a0CNMV (Comisi\u00f3n Nacional del Mercado de Valores). Cons\u00faltela a trav\u00e9s de los siguientes enlaces (*)<\/p>\n","protected":false},"author":1,"featured_media":0,"parent":0,"menu_order":0,"comment_status":"closed","ping_status":"closed","template":"","meta":{"footnotes":""},"class_list":["post-331","page","type-page","status-publish","hentry"],"_links":{"self":[{"href":"https:\/\/www.pescanova.com\/index.php\/wp-json\/wp\/v2\/pages\/331","targetHints":{"allow":["GET"]}}],"collection":[{"href":"https:\/\/www.pescanova.com\/index.php\/wp-json\/wp\/v2\/pages"}],"about":[{"href":"https:\/\/www.pescanova.com\/index.php\/wp-json\/wp\/v2\/types\/page"}],"author":[{"embeddable":true,"href":"https:\/\/www.pescanova.com\/index.php\/wp-json\/wp\/v2\/users\/1"}],"replies":[{"embeddable":true,"href":"https:\/\/www.pescanova.com\/index.php\/wp-json\/wp\/v2\/comments?post=331"}],"version-history":[{"count":6,"href":"https:\/\/www.pescanova.com\/index.php\/wp-json\/wp\/v2\/pages\/331\/revisions"}],"predecessor-version":[{"id":1621,"href":"https:\/\/www.pescanova.com\/index.php\/wp-json\/wp\/v2\/pages\/331\/revisions\/1621"}],"wp:attachment":[{"href":"https:\/\/www.pescanova.com\/index.php\/wp-json\/wp\/v2\/media?parent=331"}],"curies":[{"name":"wp","href":"https:\/\/api.w.org\/{rel}","templated":true}]}}