{"id":335,"date":"2019-03-27T19:45:46","date_gmt":"2019-03-27T18:45:46","guid":{"rendered":"https:\/\/www.pescanova.com\/?page_id=335"},"modified":"2019-06-10T19:17:13","modified_gmt":"2019-06-10T17:17:13","slug":"contacto-con-el-accionista","status":"publish","type":"page","link":"https:\/\/www.pescanova.com\/index.php\/contacto-con-el-accionista\/","title":{"rendered":"Contacto con el Accionista"},"content":{"rendered":"\n<p style=\"text-align:center\"><\/p>\n\n\n\n<p style=\"text-align:center\">Para la resoluci\u00f3n de cualquier duda o aclaraci\u00f3n por favor p\u00f3nganse en contacto con: <\/p>\n\n\n\n<table class=\"wp-block-table aligncenter\"><tbody><tr><td>Persona de contacto:  &nbsp;<\/td><td>D. Mart\u00ednez  \u00a0<br><\/td><\/tr><tr><td>Correo electr\u00f3nico: <br><\/td><td><a href=\"mailto:accionistaspescanova@gmail.com\">accionistas@pescanova.com<\/a>  <br><\/td><\/tr><tr><td>Tel\u00e9fono de contacto:  <br><\/td><td>+34 946793 394  <br><\/td><\/tr><tr><td>Direcci\u00f3n postal:  <br><\/td><td>\nR\u00faa Jos\u00e9 Fern\u00e1ndez L\u00f3pez s\/n<br>\n36320 Chapela-Redondela<br>\nPontevedra<br><\/td><\/tr><\/tbody><\/table>\n","protected":false},"excerpt":{"rendered":"<p>Para la resoluci\u00f3n de cualquier duda o aclaraci\u00f3n por favor p\u00f3nganse en contacto con: Persona de contacto: &nbsp; D. Mart\u00ednez \u00a0 Correo electr\u00f3nico: accionistas@pescanova.com Tel\u00e9fono de contacto: +34 946793 394 Direcci\u00f3n postal: R\u00faa Jos\u00e9 Fern\u00e1ndez L\u00f3pez s\/n 36320 Chapela-Redondela Pontevedra<\/p>\n","protected":false},"author":1,"featured_media":0,"parent":0,"menu_order":0,"comment_status":"closed","ping_status":"closed","template":"","meta":{"footnotes":""},"class_list":["post-335","page","type-page","status-publish","hentry"],"_links":{"self":[{"href":"https:\/\/www.pescanova.com\/index.php\/wp-json\/wp\/v2\/pages\/335","targetHints":{"allow":["GET"]}}],"collection":[{"href":"https:\/\/www.pescanova.com\/index.php\/wp-json\/wp\/v2\/pages"}],"about":[{"href":"https:\/\/www.pescanova.com\/index.php\/wp-json\/wp\/v2\/types\/page"}],"author":[{"embeddable":true,"href":"https:\/\/www.pescanova.com\/index.php\/wp-json\/wp\/v2\/users\/1"}],"replies":[{"embeddable":true,"href":"https:\/\/www.pescanova.com\/index.php\/wp-json\/wp\/v2\/comments?post=335"}],"version-history":[{"count":8,"href":"https:\/\/www.pescanova.com\/index.php\/wp-json\/wp\/v2\/pages\/335\/revisions"}],"predecessor-version":[{"id":1177,"href":"https:\/\/www.pescanova.com\/index.php\/wp-json\/wp\/v2\/pages\/335\/revisions\/1177"}],"wp:attachment":[{"href":"https:\/\/www.pescanova.com\/index.php\/wp-json\/wp\/v2\/media?parent=335"}],"curies":[{"name":"wp","href":"https:\/\/api.w.org\/{rel}","templated":true}]}}