{"id":360,"date":"2019-03-27T19:57:15","date_gmt":"2019-03-27T18:57:15","guid":{"rendered":"https:\/\/www.pescanova.com\/?page_id=360"},"modified":"2021-01-13T09:43:04","modified_gmt":"2021-01-13T08:43:04","slug":"consejo-de-administracion","status":"publish","type":"page","link":"https:\/\/www.pescanova.com\/index.php\/consejo-de-administracion\/","title":{"rendered":"Consejo de Administraci\u00f3n"},"content":{"rendered":"\r\n<p class=\"wp-block-code\"><code><div class=\"supsystic-table-loader spinner\"style=\"background-color:#000000\"><\/div><div id=\"supsystic-table-1_16009\" class=\"supsystic-tables-wrap \" style=\" width:100%; visibility: hidden; \" data-table-width-fixed=\"100%\" data-table-width-mobile=\"100%\" ><table id=\"supsystic-table-1\" class=\"supsystic-table border lightboxImg cell-border\" data-id=\"1\" data-view-id=\"1_16009\" data-title=\"Consejo de administraci\u00f3n\" data-currency-format=\"$1,000.00\" data-percent-format=\"10.00%\" data-date-format=\"DD.MM.YYYY\" data-time-format=\"HH:mm\" data-features=\"[&quot;after_table_loaded_script&quot;]\" data-search-value=\"\" data-lightbox-img=\"\" data-head-rows-count=\"1\" data-pagination-length=\"50,100,All\" data-auto-index=\"off\" data-searching-settings=\"{&quot;columnSearchPosition&quot;:&quot;bottom&quot;,&quot;minChars&quot;:&quot;0&quot;}\" data-lang=\"default\" data-override=\"{&quot;emptyTable&quot;:&quot;&quot;,&quot;info&quot;:&quot;&quot;,&quot;infoEmpty&quot;:&quot;&quot;,&quot;infoFiltered&quot;:&quot;&quot;,&quot;lengthMenu&quot;:&quot;&quot;,&quot;search&quot;:&quot;&quot;,&quot;previous&quot;:&quot;&quot;,&quot;next&quot;:&quot;&quot;,&quot;zeroRecords&quot;:&quot;&quot;,&quot;exportLabel&quot;:&quot;&quot;,&quot;file&quot;:&quot;default&quot;}\" data-merged=\"[]\" data-responsive-mode=\"0\" data-from-history=\"0\" ><thead><tr><th class=\"\" style=\"width:; padding: 0 !important;\"><\/th><th class=\"\" style=\"width:; padding: 0 !important;\"><\/th><th class=\"\" style=\"width:; padding: 0 !important;\"><\/th><th class=\"\" style=\"width:; padding: 0 !important;\"><\/th><th class=\"\" style=\"width:; padding: 0 !important;\"><\/th><th class=\"\" style=\"width:; padding: 0 !important;\"><\/th><th class=\"\" style=\"width:; padding: 0 !important;\"><\/th><\/tr><\/thead><tbody><tr style=\"height:px\" ><td data-cell-id=\"A1\" data-x=\"0\" data-y=\"1\" data-db-index=\"1\" class=\"bold bg-d6d6d6\" data-cell-type=\"text\" data-original-value=\"Nombre del consejero\" data-order=\"Nombre del consejero\" style=\"min-width:18.4544%; \" >Nombre del consejero <\/td><td data-cell-id=\"B1\" data-x=\"1\" data-y=\"1\" data-db-index=\"1\" class=\"bold bg-d6d6d6\" data-cell-type=\"text\" data-original-value=\"Cargo\" data-order=\"Cargo\" style=\"min-width:8.3045%; \" >Cargo <\/td><td data-cell-id=\"C1\" data-x=\"2\" data-y=\"1\" data-db-index=\"1\" class=\"bold bg-d6d6d6\" data-cell-type=\"text\" data-original-value=\"Fecha primer nombramiento\" data-order=\"Fecha primer nombramiento\" style=\"min-width:18.4544%; \" >Fecha primer nombramiento <\/td><td data-cell-id=\"D1\" data-x=\"3\" data-y=\"1\" data-db-index=\"1\" class=\"bold bg-d6d6d6\" data-cell-type=\"text\" data-original-value=\"Fecha de renovaci\u00f3n\" data-order=\"Fecha de renovaci\u00f3n\" style=\"min-width:8.8812%; \" >Fecha de renovaci\u00f3n <\/td><td data-cell-id=\"E1\" data-x=\"4\" data-y=\"1\" data-db-index=\"1\" class=\"bold bg-d6d6d6\" data-cell-type=\"text\" data-original-value=\"Condici\u00f3n\" data-order=\"Condici\u00f3n\" style=\"min-width:8.9965%; \" >Condici\u00f3n <\/td><td data-cell-id=\"F1\" data-x=\"5\" data-y=\"1\" data-db-index=\"1\" class=\"bold bg-d6d6d6\" data-cell-type=\"text\" data-original-value=\" % De derechos de voto \" data-order=\" % De derechos de voto \" style=\"min-width:18.4544%; \" > % De derechos de voto <\/td><td data-cell-id=\"G1\" data-x=\"6\" data-y=\"1\" data-db-index=\"1\" class=\"bold htCenter bg-d6d6d6\" data-cell-type=\"text\" data-original-value=\"Curr\u00edculum\" data-order=\"Curr\u00edculum\" style=\"min-width:18.4544%; \" >Curr\u00edculum <\/td><\/tr><tr style=\"height:px\" ><td data-cell-id=\"A2\" data-x=\"0\" data-y=\"2\" data-db-index=\"2\" class=\"\" data-cell-type=\"text\" data-original-value=\" ALEJANDRO FERN\u00c1NDEZ ZUGAZABEITIA \" data-order=\" ALEJANDRO FERN\u00c1NDEZ ZUGAZABEITIA \" > ALEJANDRO FERN\u00c1NDEZ ZUGAZABEITIA <\/td><td data-cell-id=\"B2\" data-x=\"1\" data-y=\"2\" data-db-index=\"2\" class=\"\" data-cell-type=\"text\" data-original-value=\"Consejero\" data-order=\"Consejero\" >Consejero <\/td><td data-cell-id=\"C2\" data-x=\"2\" data-y=\"2\" data-db-index=\"2\" class=\"\" data-cell-type=\"text\" data-original-value=\"22\/03\/2017\" data-order=\"22\/03\/2017\" >22\/03\/2017 <\/td><td data-cell-id=\"D2\" data-x=\"3\" data-y=\"2\" data-db-index=\"2\" class=\"\" data-cell-type=\"text\" data-original-value=\"24\/09\/2021\" data-order=\"24\/09\/2021\" >24\/09\/2021 <\/td><td data-cell-id=\"E2\" data-x=\"4\" data-y=\"2\" data-db-index=\"2\" class=\"\" data-cell-type=\"text\" data-original-value=\" Externo Independiente \" data-order=\" Externo Independiente \" > Externo Independiente <\/td><td data-cell-id=\"F2\" data-x=\"5\" data-y=\"2\" data-db-index=\"2\" class=\"\" data-cell-type=\"text\" data-original-value=\" 0,000 \" data-order=\" 0,000 \" > 0,000 <\/td><td data-cell-id=\"G2\" data-x=\"6\" data-y=\"2\" data-db-index=\"2\" class=\"\" data-cell-type=\"text\" data-original-value=\"&lt;a href=&quot;https:\/\/www.pescanova.com\/wp-content\/uploads\/2021\/08\/CV_Alejandro_Fernandez-1.pdf&quot;&gt;Archivo&lt;\/a&gt;\" data-order=\"&lt;a href=&quot;https:\/\/www.pescanova.com\/wp-content\/uploads\/2021\/08\/CV_Alejandro_Fernandez-1.pdf&quot;&gt;Archivo&lt;\/a&gt;\" ><a href=\"https:\/\/www.pescanova.com\/wp-content\/uploads\/2021\/08\/CV_Alejandro_Fernandez-1.pdf\">Archivo<\/a><\/td><\/tr><tr style=\"height:px\" ><td data-cell-id=\"A3\" data-x=\"0\" data-y=\"3\" data-db-index=\"3\" class=\"\" data-cell-type=\"text\" data-original-value=\"LUIS MALO DE MOLINA LEZAMA-LEGUIZAM\u00d3N\" data-order=\"LUIS MALO DE MOLINA LEZAMA-LEGUIZAM\u00d3N\" >LUIS MALO DE MOLINA LEZAMA-LEGUIZAM\u00d3N <\/td><td data-cell-id=\"B3\" data-x=\"1\" data-y=\"3\" data-db-index=\"3\" class=\"\" data-cell-type=\"text\" data-original-value=\"Presidente\" data-order=\"Presidente\" >Presidente <\/td><td data-cell-id=\"C3\" data-x=\"2\" data-y=\"3\" data-db-index=\"3\" class=\"\" data-cell-type=\"text\" data-original-value=\"22\/03\/2017\" data-order=\"22\/03\/2017\" >22\/03\/2017 <\/td><td data-cell-id=\"D3\" data-x=\"3\" data-y=\"3\" data-db-index=\"3\" class=\"\" data-cell-type=\"text\" data-original-value=\"24\/09\/2021\" data-order=\"24\/09\/2021\" >24\/09\/2021 <\/td><td data-cell-id=\"E3\" data-x=\"4\" data-y=\"3\" data-db-index=\"3\" class=\"\" data-cell-type=\"text\" data-original-value=\" Externo Independiente \" data-order=\" Externo Independiente \" > Externo Independiente <\/td><td data-cell-id=\"F3\" data-x=\"5\" data-y=\"3\" data-db-index=\"3\" class=\"\" data-cell-type=\"text\" data-original-value=\" 0,000 \" data-order=\" 0,000 \" > 0,000 <\/td><td data-cell-id=\"G3\" data-x=\"6\" data-y=\"3\" data-db-index=\"3\" class=\"\" data-cell-type=\"text\" data-original-value=\"&lt;a href=&quot;https:\/\/www.pescanova.com\/wp-content\/uploads\/2021\/08\/CV-Luis-Malo-de-Molina.pdf&quot;&gt;Archivo&lt;\/a&gt;\" data-order=\"&lt;a href=&quot;https:\/\/www.pescanova.com\/wp-content\/uploads\/2021\/08\/CV-Luis-Malo-de-Molina.pdf&quot;&gt;Archivo&lt;\/a&gt;\" ><a href=\"https:\/\/www.pescanova.com\/wp-content\/uploads\/2021\/08\/CV-Luis-Malo-de-Molina.pdf\">Archivo<\/a><\/td><\/tr><tr style=\"height:px\" ><td data-cell-id=\"A4\" data-x=\"0\" data-y=\"4\" data-db-index=\"4\" class=\"\" data-cell-type=\"text\" data-original-value=\" JUAN MANUEL GINZO SANTISO \" data-order=\" JUAN MANUEL GINZO SANTISO \" > JUAN MANUEL GINZO SANTISO <\/td><td data-cell-id=\"B4\" data-x=\"1\" data-y=\"4\" data-db-index=\"4\" class=\"\" data-cell-type=\"text\" data-original-value=\"Consejero\" data-order=\"Consejero\" >Consejero <\/td><td data-cell-id=\"C4\" data-x=\"2\" data-y=\"4\" data-db-index=\"4\" class=\"\" data-cell-type=\"text\" data-original-value=\"22\/03\/2017\" data-order=\"22\/03\/2017\" >22\/03\/2017 <\/td><td data-cell-id=\"D4\" data-x=\"3\" data-y=\"4\" data-db-index=\"4\" class=\"\" data-cell-type=\"text\" data-original-value=\"24\/09\/2021\" data-order=\"24\/09\/2021\" >24\/09\/2021 <\/td><td data-cell-id=\"E4\" data-x=\"4\" data-y=\"4\" data-db-index=\"4\" class=\"\" data-cell-type=\"text\" data-original-value=\" Externo Independiente \" data-order=\" Externo Independiente \" > Externo Independiente <\/td><td data-cell-id=\"F4\" data-x=\"5\" data-y=\"4\" data-db-index=\"4\" class=\"\" data-cell-type=\"text\" data-original-value=\" 0,000 \" data-order=\" 0,000 \" > 0,000 <\/td><td data-cell-id=\"G4\" data-x=\"6\" data-y=\"4\" data-db-index=\"4\" class=\"\" data-cell-type=\"text\" data-original-value=\"&lt;a href=&quot;https:\/\/www.pescanova.com\/wp-content\/uploads\/2021\/10\/curriculum_juan_manuel_ginzo_santiso.pdf&quot;&gt;Archivo&lt;\/a&gt;\" data-order=\"&lt;a href=&quot;https:\/\/www.pescanova.com\/wp-content\/uploads\/2021\/10\/curriculum_juan_manuel_ginzo_santiso.pdf&quot;&gt;Archivo&lt;\/a&gt;\" ><a href=\"https:\/\/www.pescanova.com\/wp-content\/uploads\/2021\/10\/curriculum_juan_manuel_ginzo_santiso.pdf\">Archivo<\/a><\/td><\/tr><tr style=\"height:px\" ><td data-cell-id=\"A5\" data-x=\"0\" data-y=\"5\" data-db-index=\"5\" class=\"\" data-cell-type=\"text\" data-original-value=\" LEOPOLDO FERN\u00c1NDEZ ZUGAZABEITIA \" data-order=\" LEOPOLDO FERN\u00c1NDEZ ZUGAZABEITIA \" > LEOPOLDO FERN\u00c1NDEZ ZUGAZABEITIA <\/td><td data-cell-id=\"B5\" data-x=\"1\" data-y=\"5\" data-db-index=\"5\" class=\"\" data-cell-type=\"text\" data-original-value=\" Consejero y Secretario \" data-order=\" Consejero y Secretario \" > Consejero y Secretario <\/td><td data-cell-id=\"C5\" data-x=\"2\" data-y=\"5\" data-db-index=\"5\" class=\"\" data-cell-type=\"text\" data-original-value=\"21\/09\/2016\" data-order=\"21\/09\/2016\" >21\/09\/2016 <\/td><td data-cell-id=\"D5\" data-x=\"3\" data-y=\"5\" data-db-index=\"5\" class=\"\" data-cell-type=\"text\" data-original-value=\"25\/09\/2024\" data-order=\"25\/09\/2024\" >25\/09\/2024 <\/td><td data-cell-id=\"E5\" data-x=\"4\" data-y=\"5\" data-db-index=\"5\" class=\"\" data-cell-type=\"text\" data-original-value=\"Independiente\" data-order=\"Independiente\" >Independiente <\/td><td data-cell-id=\"F5\" data-x=\"5\" data-y=\"5\" data-db-index=\"5\" class=\"\" data-cell-type=\"text\" data-original-value=\" 0,000 \" data-order=\" 0,000 \" > 0,000 <\/td><td data-cell-id=\"G5\" data-x=\"6\" data-y=\"5\" data-db-index=\"5\" class=\"\" data-cell-type=\"text\" data-original-value=\"&lt;a href=&quot;https:\/\/www.pescanova.com\/wp-content\/uploads\/2022\/08\/52-CV_Leopoldo_Fernandez.pdf&quot;&gt;Archivo&lt;\/a&gt;\" data-order=\"&lt;a href=&quot;https:\/\/www.pescanova.com\/wp-content\/uploads\/2022\/08\/52-CV_Leopoldo_Fernandez.pdf&quot;&gt;Archivo&lt;\/a&gt;\" ><a href=\"https:\/\/www.pescanova.com\/wp-content\/uploads\/2022\/08\/52-CV_Leopoldo_Fernandez.pdf\">Archivo<\/a><\/td><\/tr><\/tbody><\/table><!-- \/#supsystic-table-1.supsystic-table --><\/div><!-- \/.supsystic-tables-wrap --><!-- Tables Generator by Supsystic --><!-- Version:1.10.49 --><!-- http:\/\/supsystic.com\/ --><a title=\"WordPress Data Table Plugin\" style=\"display:none;\" href=\"https:\/\/supsystic.com\/plugins\/wordpress-data-table-plugin\/?utm_medium=love_link\" target=\"_blank\">WordPress Data Table Plugin<\/a><br \/><\/code><\/p>\r\n<p><strong>RETRIBUCI\u00d3N DE LOS CONSEJEROS:<\/strong><\/p>\r\n<p class=\"wp-block-code\">La retribuci\u00f3n de los consejeros por el desempe\u00f1o de su actividad como tales se compone, dentro del marco legal y estatutario, de los siguientes conceptos retributivos:<\/p>\r\n<ol type=\"a\">\r\n<li>Cantidad fija: El consejero percibir\u00e1 una cantidad fija anual adecuada a los est\u00e1ndares del mercado.<\/li>\r\n<li>Dietas Los consejeros tendr\u00e1n derecho a que les sean abonadas determinadas cantidades en concepto de dietas de asistencia por cada una de las reuniones del Consejo de Administraci\u00f3n.<\/li>\r\n<li>Reposici\u00f3n de gastos de desplazamiento. Finalmente, los consejeros tienen derecho a que se les reponga de los gastos de desplazamiento devengados por la asistencia por cada una de las reuniones del Consejo de Administraci\u00f3n o de las reuniones de las Comisiones a las que pertenezcan.<\/li>\r\n<\/ol>\r\n<p>Como datos m\u00e1s destacables se se\u00f1alan:<\/p>\r\n<ol type=\"a\">\r\n<li>Que el importe m\u00e1ximo anual de la remuneraci\u00f3n anual a satisfacer al conjunto de los Consejeros en su condici\u00f3n de tales ser\u00e1 igual a 360.000 euros, cantidad que permanecer\u00e1 vigente en tanto la Junta General de Accionistas no apruebe su modificaci\u00f3n.<\/li>\r\n<li>Que la sociedad no ten\u00eda ning\u00fan consejero delegado ni consejero que desempe\u00f1ara funciones ejecutivas en el sentido del art\u00edculo 249 de la Ley de Sociedades de Capital.<\/li>\r\n<\/ol>\r\n\r\n\r\n","protected":false},"excerpt":{"rendered":"","protected":false},"author":1,"featured_media":0,"parent":0,"menu_order":0,"comment_status":"closed","ping_status":"closed","template":"","meta":{"footnotes":""},"class_list":["post-360","page","type-page","status-publish","hentry"],"_links":{"self":[{"href":"https:\/\/www.pescanova.com\/index.php\/wp-json\/wp\/v2\/pages\/360","targetHints":{"allow":["GET"]}}],"collection":[{"href":"https:\/\/www.pescanova.com\/index.php\/wp-json\/wp\/v2\/pages"}],"about":[{"href":"https:\/\/www.pescanova.com\/index.php\/wp-json\/wp\/v2\/types\/page"}],"author":[{"embeddable":true,"href":"https:\/\/www.pescanova.com\/index.php\/wp-json\/wp\/v2\/users\/1"}],"replies":[{"embeddable":true,"href":"https:\/\/www.pescanova.com\/index.php\/wp-json\/wp\/v2\/comments?post=360"}],"version-history":[{"count":16,"href":"https:\/\/www.pescanova.com\/index.php\/wp-json\/wp\/v2\/pages\/360\/revisions"}],"predecessor-version":[{"id":1762,"href":"https:\/\/www.pescanova.com\/index.php\/wp-json\/wp\/v2\/pages\/360\/revisions\/1762"}],"wp:attachment":[{"href":"https:\/\/www.pescanova.com\/index.php\/wp-json\/wp\/v2\/media?parent=360"}],"curies":[{"name":"wp","href":"https:\/\/api.w.org\/{rel}","templated":true}]}}