{"id":362,"date":"2019-03-27T19:57:29","date_gmt":"2019-03-27T18:57:29","guid":{"rendered":"https:\/\/www.pescanova.com\/?page_id=362"},"modified":"2019-05-15T19:16:05","modified_gmt":"2019-05-15T17:16:05","slug":"reglamentos","status":"publish","type":"page","link":"https:\/\/www.pescanova.com\/index.php\/reglamentos\/","title":{"rendered":"Reglamentos"},"content":{"rendered":"<div class=\"supsystic-table-loader spinner\"style=\"background-color:#000000\"><\/div><div id=\"supsystic-table-22_81648\" class=\"supsystic-tables-wrap \" style=\" width:100%; visibility: hidden; \" data-table-width-fixed=\"100%\" data-table-width-mobile=\"100%\" ><table id=\"supsystic-table-22\" class=\"supsystic-table border lightboxImg cell-border\" data-id=\"22\" data-view-id=\"22_81648\" data-title=\"Reglamentos\" data-currency-format=\"$1,000.00\" data-percent-format=\"10.00%\" data-date-format=\"DD.MM.YYYY\" data-time-format=\"HH:mm\" data-features=\"[&quot;after_table_loaded_script&quot;]\" data-search-value=\"\" data-lightbox-img=\"\" data-head-rows-count=\"1\" data-pagination-length=\"50,100,All\" data-auto-index=\"off\" data-searching-settings=\"{&quot;columnSearchPosition&quot;:&quot;bottom&quot;,&quot;minChars&quot;:&quot;0&quot;}\" data-lang=\"default\" data-override=\"{&quot;emptyTable&quot;:&quot;&quot;,&quot;info&quot;:&quot;&quot;,&quot;infoEmpty&quot;:&quot;&quot;,&quot;infoFiltered&quot;:&quot;&quot;,&quot;lengthMenu&quot;:&quot;&quot;,&quot;search&quot;:&quot;&quot;,&quot;zeroRecords&quot;:&quot;&quot;,&quot;exportLabel&quot;:&quot;&quot;,&quot;file&quot;:&quot;default&quot;}\" data-merged=\"[]\" data-responsive-mode=\"0\" data-from-history=\"0\" ><thead><tr><th class=\"\" style=\"width:; padding: 0 !important;\"><\/th><th class=\"\" style=\"width:; padding: 0 !important;\"><\/th><\/tr><\/thead><tbody><tr style=\"height:px\" ><td data-cell-id=\"A1\" data-x=\"0\" data-y=\"1\" data-db-index=\"1\" class=\"color-000000 bold bg-efefef\" data-cell-type=\"text\" data-original-value=\"Concepto\" data-order=\"Concepto\" style=\"min-width:91.0145%; \" >Concepto <\/td><td data-cell-id=\"B1\" data-x=\"1\" data-y=\"1\" data-db-index=\"1\" class=\"color-000000 bold bg-efefef\" data-cell-type=\"text\" data-original-value=\"PDF\" data-order=\"PDF\" style=\"min-width:8.9855%; \" >PDF <\/td><\/tr><tr style=\"height:px\" ><td data-cell-id=\"A2\" data-x=\"0\" data-y=\"2\" data-db-index=\"2\" class=\"color-ff0000\" data-cell-type=\"text\" data-original-value=\"Reglamento interno de conducta en materias relacionadas con el Mercado de Valores de Pescanova, S.A.\" data-order=\"Reglamento interno de conducta en materias relacionadas con el Mercado de Valores de Pescanova, S.A.\" >Reglamento interno de conducta en materias relacionadas con el Mercado de Valores de Pescanova, S.A. <\/td><td data-cell-id=\"B2\" data-x=\"1\" data-y=\"2\" data-db-index=\"2\" class=\"\" data-cell-type=\"text\" data-original-value=\"\" data-order=\"\" ><\/td><\/tr><tr style=\"height:px\" ><td data-cell-id=\"A3\" data-x=\"0\" data-y=\"3\" data-db-index=\"3\" class=\"\" data-cell-type=\"text\" data-original-value=\"Reglamento interno de conducta de obligatorio cumplimiento en relaci\u00f3n al uso de informaci\u00f3n privilegiada sobre operaciones en el Mercado de Valores.\" data-order=\"Reglamento interno de conducta de obligatorio cumplimiento en relaci\u00f3n al uso de informaci\u00f3n privilegiada sobre operaciones en el Mercado de Valores.\" >Reglamento interno de conducta de obligatorio cumplimiento en relaci\u00f3n al uso de informaci\u00f3n privilegiada sobre operaciones en el Mercado de Valores. <\/td><td data-cell-id=\"B3\" data-x=\"1\" data-y=\"3\" data-db-index=\"3\" class=\"\" data-cell-type=\"text\" data-original-value=\"&lt;a href=&quot;https:\/\/www.pescanova.com\/wp-content\/uploads\/2019\/05\/ReglamentoConductaInterna.pdf&quot;&gt;Archivo&lt;\/a&gt;\" data-order=\"&lt;a href=&quot;https:\/\/www.pescanova.com\/wp-content\/uploads\/2019\/05\/ReglamentoConductaInterna.pdf&quot;&gt;Archivo&lt;\/a&gt;\" ><a href=\"https:\/\/www.pescanova.com\/wp-content\/uploads\/2019\/05\/ReglamentoConductaInterna.pdf\">Archivo<\/a><\/td><\/tr><tr style=\"height:px\" ><td data-cell-id=\"A4\" data-x=\"0\" data-y=\"4\" data-db-index=\"4\" class=\"color-ff0000\" data-cell-type=\"text\" data-original-value=\"Reglamento de la Junta General de Accionistas 3\/8\/2015\" data-order=\"Reglamento de la Junta General de Accionistas 3\/8\/2015\" >Reglamento de la Junta General de Accionistas 3\/8\/2015 <\/td><td data-cell-id=\"B4\" data-x=\"1\" data-y=\"4\" data-db-index=\"4\" class=\"\" data-cell-type=\"text\" data-original-value=\"\" data-order=\"\" ><\/td><\/tr><tr style=\"height:px\" ><td data-cell-id=\"A5\" data-x=\"0\" data-y=\"5\" data-db-index=\"5\" class=\"\" data-cell-type=\"text\" data-original-value=\"Reglamento que regula el r\u00e9gimen de convocatoria, preparaci\u00f3n, informaci\u00f3n, concurrencia y desarrollo de la Junta General\" data-order=\"Reglamento que regula el r\u00e9gimen de convocatoria, preparaci\u00f3n, informaci\u00f3n, concurrencia y desarrollo de la Junta General\" >Reglamento que regula el r\u00e9gimen de convocatoria, preparaci\u00f3n, informaci\u00f3n, concurrencia y desarrollo de la Junta General <\/td><td data-cell-id=\"B5\" data-x=\"1\" data-y=\"5\" data-db-index=\"5\" class=\"\" data-cell-type=\"text\" data-original-value=\"&lt;a href=&quot;https:\/\/www.pescanova.com\/wp-content\/uploads\/2019\/05\/REGLAMENTO-JUNTA-GENERAL-2015-DEFINITIVO.pdf&quot;&gt;Archivo&lt;\/a&gt;\" data-order=\"&lt;a href=&quot;https:\/\/www.pescanova.com\/wp-content\/uploads\/2019\/05\/REGLAMENTO-JUNTA-GENERAL-2015-DEFINITIVO.pdf&quot;&gt;Archivo&lt;\/a&gt;\" ><a href=\"https:\/\/www.pescanova.com\/wp-content\/uploads\/2019\/05\/REGLAMENTO-JUNTA-GENERAL-2015-DEFINITIVO.pdf\">Archivo<\/a><\/td><\/tr><tr style=\"height:px\" ><td data-cell-id=\"A6\" data-x=\"0\" data-y=\"6\" data-db-index=\"6\" class=\"color-ff0000\" data-cell-type=\"text\" data-original-value=\"Reglamento del Consejo de Administraci\u00f3n 3\/08\/2015\" data-order=\"Reglamento del Consejo de Administraci\u00f3n 3\/08\/2015\" >Reglamento del Consejo de Administraci\u00f3n 3\/08\/2015 <\/td><td data-cell-id=\"B6\" data-x=\"1\" data-y=\"6\" data-db-index=\"6\" class=\"\" data-cell-type=\"text\" data-original-value=\"\" data-order=\"\" ><\/td><\/tr><tr style=\"height:px\" ><td data-cell-id=\"A7\" data-x=\"0\" data-y=\"7\" data-db-index=\"7\" class=\"\" data-cell-type=\"text\" data-original-value=\"Este Reglamento tiene por objeto determinar los principios de actuaci\u00f3n del Consejo: las reglas b\u00e1sicas de su organizaci\u00f3n, r\u00e9gimen interno y funcionamiento, as\u00ed como las normas de conducta de sus miembros. \" data-order=\"Este Reglamento tiene por objeto determinar los principios de actuaci\u00f3n del Consejo: las reglas b\u00e1sicas de su organizaci\u00f3n, r\u00e9gimen interno y funcionamiento, as\u00ed como las normas de conducta de sus miembros. \" >Este Reglamento tiene por objeto determinar los principios de actuaci\u00f3n del Consejo: las reglas b\u00e1sicas de su organizaci\u00f3n, r\u00e9gimen interno y funcionamiento, as\u00ed como las normas de conducta de sus miembros. <\/td><td data-cell-id=\"B7\" data-x=\"1\" data-y=\"7\" data-db-index=\"7\" class=\"\" data-cell-type=\"text\" data-original-value=\"&lt;a href=&quot;https:\/\/www.pescanova.com\/wp-content\/uploads\/2019\/05\/Reglamento-consejo-2015-definitivo.pdf&quot;&gt;Archivo&lt;\/a&gt;\" data-order=\"&lt;a href=&quot;https:\/\/www.pescanova.com\/wp-content\/uploads\/2019\/05\/Reglamento-consejo-2015-definitivo.pdf&quot;&gt;Archivo&lt;\/a&gt;\" ><a href=\"https:\/\/www.pescanova.com\/wp-content\/uploads\/2019\/05\/Reglamento-consejo-2015-definitivo.pdf\">Archivo<\/a><\/td><\/tr><\/tbody><\/table><!-- \/#supsystic-table-22.supsystic-table --><\/div><!-- \/.supsystic-tables-wrap --><!-- Tables Generator by Supsystic --><!-- Version:1.10.49 --><!-- http:\/\/supsystic.com\/ --><a title=\"WordPress Data Table Plugin\" style=\"display:none;\" href=\"https:\/\/supsystic.com\/plugins\/wordpress-data-table-plugin\/?utm_medium=love_link\" target=\"_blank\">WordPress Data Table Plugin<\/a>\n","protected":false},"excerpt":{"rendered":"","protected":false},"author":1,"featured_media":0,"parent":0,"menu_order":0,"comment_status":"closed","ping_status":"closed","template":"","meta":{"footnotes":""},"class_list":["post-362","page","type-page","status-publish","hentry"],"_links":{"self":[{"href":"https:\/\/www.pescanova.com\/index.php\/wp-json\/wp\/v2\/pages\/362","targetHints":{"allow":["GET"]}}],"collection":[{"href":"https:\/\/www.pescanova.com\/index.php\/wp-json\/wp\/v2\/pages"}],"about":[{"href":"https:\/\/www.pescanova.com\/index.php\/wp-json\/wp\/v2\/types\/page"}],"author":[{"embeddable":true,"href":"https:\/\/www.pescanova.com\/index.php\/wp-json\/wp\/v2\/users\/1"}],"replies":[{"embeddable":true,"href":"https:\/\/www.pescanova.com\/index.php\/wp-json\/wp\/v2\/comments?post=362"}],"version-history":[{"count":2,"href":"https:\/\/www.pescanova.com\/index.php\/wp-json\/wp\/v2\/pages\/362\/revisions"}],"predecessor-version":[{"id":1140,"href":"https:\/\/www.pescanova.com\/index.php\/wp-json\/wp\/v2\/pages\/362\/revisions\/1140"}],"wp:attachment":[{"href":"https:\/\/www.pescanova.com\/index.php\/wp-json\/wp\/v2\/media?parent=362"}],"curies":[{"name":"wp","href":"https:\/\/api.w.org\/{rel}","templated":true}]}}